{"id":286,"date":"2024-12-01T15:19:16","date_gmt":"2024-12-01T14:19:16","guid":{"rendered":"https:\/\/scharfegger-versicherungen.at\/?page_id=286"},"modified":"2024-12-01T16:23:33","modified_gmt":"2024-12-01T15:23:33","slug":"agb","status":"publish","type":"page","link":"https:\/\/www.scharfegger-versicherungen.at\/?page_id=286","title":{"rendered":"AGB"},"content":{"rendered":"\t\t<div data-elementor-type=\"wp-page\" data-elementor-id=\"286\" class=\"elementor elementor-286\">\n\t\t\t\t<div class=\"elementor-element elementor-element-cea4ee2 e-flex e-con-boxed e-con e-parent\" data-id=\"cea4ee2\" data-element_type=\"container\">\n\t\t\t\t\t<div class=\"e-con-inner\">\n\t\t\t\t<div class=\"elementor-element elementor-element-8ec3d95 elementor-widget elementor-widget-text-editor\" data-id=\"8ec3d95\" data-element_type=\"widget\" data-widget_type=\"text-editor.default\">\n\t\t\t\t<div class=\"elementor-widget-container\">\n\t\t\t\t\t\t\t\t\t<h2>Allgemeine Gesch\u00e4ftsbedingungen\nf\u00fcr Versicherungsmakler und Berater in Versicherungsangelegenheiten<\/h2><br>\n\nFassung: M\u00e4rz 2018<br><br>\n\n<b>Pr\u00e4ambel <\/b>\n<p>(1) Der Versicherungsmakler vermittelt unabh\u00e4ngig von seinen oder dritten Interessen, insbesondere unabh\u00e4ngig vom Versicherungsunternehmen (Versicherer), Versicherungsvertr\u00e4ge zwischen dem Versicherungsunternehmen einerseits und dem Versicherungskunden andererseits. Der vom Versicherungskunden mit seiner Interessenwahrung in privaten und\/oder betrieblichen Versicherungsangelegenheiten beauftragte Versicherungsmakler ist f\u00fcr beide Parteien des Versicherungsvertrages t\u00e4tig, hat aber \u00fcberwiegend die Interessen des Versicherungskunden zu wahren. <br>\n(2) Der Versicherungsmakler erbringt seine Leistungen entsprechend den gesetzlichen Bestimmungen, insbesondere des Maklergesetzes, diesen Allgemeinen Gesch\u00e4ftsbedingungen (im Folgenden &#8220;AGB&#8221;) und einem mit dem Versicherungskunden abgeschlossenen Versicherungsmaklervertrag mit der Sorgfalt eines ordentlichen Unternehmers.<\/p>\n\n<b>\u00a7 1 Geltungsbereich <\/b>\n<p>(1) Die AGB gelten ab Vertragsabschluss zwischen dem Versicherungsmakler und dem Versicherungskunden und erg\u00e4nzen den mit dem Versicherungskunden allenfalls abgeschlossenen Versicherungsmaklervertrag. <br>\n(2) Der Versicherungskunde erkl\u00e4rt seine Zustimmung, dass diese AGB dem gesamten Vertragsverh\u00e4ltnis zwischen ihm und dem Versicherungsmakler sowie auch s\u00e4mtlichen k\u00fcnftig abzuschlie\u00dfenden Versicherungsmaklervertr\u00e4gen zu Grunde gelegt werden. <br>\n(3) Die T\u00e4tigkeit des Versicherungsmaklers wird, soweit im Einzelfall nicht ausdr\u00fccklich etwas anderes vereinbart, \u00f6rtlich auf \u00d6sterreich beschr\u00e4nkt.<\/p>\n\n<b>\u00a7 2 Die Pflichten des Versicherungsmaklers<\/b> \n<p>(1) Der Versicherungsmakler verpflichtet sich, f\u00fcr den Versicherungskunden eine angemessene Risikoanalyse zu erstellen und darauf aufbauend ein angemessenes Deckungskonzept zu erarbeiten. Der Kunde nimmt zur Kenntnis, dass diese Risikoanalyse und das Deckungskonzept ausschlie\u00dflich auf den Angaben des Kunden sowie den dem Versicherungsmakler allenfalls \u00fcbergebenen Urkunden basieren und daher unrichtige und\/oder unvollst\u00e4ndige Informationen durch den Versicherungskunden das Ausarbeiten eines angemessenen Deckungskonzepts verhindern. <br>\n(2) Der Versicherungsmakler hat den Versicherungskunden fachgerecht und den jeweiligen Kundenbed\u00fcrfnissen entsprechend zu beraten, aufzukl\u00e4ren und den nach den Umst\u00e4nden des Einzelfalls bestm\u00f6glichen Versicherungsschutz zu vermitteln. Der Versicherungskunde nimmt zur Kenntnis, dass die Interessenwahrung des Versicherungskunden grunds\u00e4tzlich auf Versicherungsunternehmen mit Niederlassung in \u00d6sterreich beschr\u00e4nkt ist und daher ausl\u00e4ndische Versicherungsunternehmen aufgrund des entsprechend erh\u00f6hten Aufwandes nur im Falle eines ausdr\u00fccklichen Auftrags des Versicherungskunden gegen ein gesondertes Entgelt einbezogen werden. <br>\n(3) Die Vermittlung des bestm\u00f6glichen Versicherungsschutzes durch den Versicherungsmakler erfolgt bei entsprechender Bearbeitungszeit unter Ber\u00fccksichtigung des Preis-Leistungs-Verh\u00e4ltnisses. Bei der Auswahl einer Versicherung k\u00f6nnen daher neben der H\u00f6he der Versicherungspr\u00e4mie insbesondere auch die Fachkompetenz des Versicherungsunternehmens, seine Gestion bei der Schadensabwicklung, seine Kulanzbereitschaft, die Vertragslaufzeit, die M\u00f6glichkeit von Schadenfallk\u00fcndigungen und die H\u00f6he des Selbstbehalts als Beurteilungskriterien herangezogen werden.<br><\/p>\n\n<b>\u00a7 3 Aufkl\u00e4rungs- und Mitwirkungspflicht des Kunden <\/b>\n<p>(1) Der Versicherungsmakler ben\u00f6tigt f\u00fcr das sorgf\u00e4ltige und gewissenhafte Erbringen der in \u00a7 2 beschriebenen Leistungen alle sachbezogenen Informationen und Unterlagen, \u00fcber die der Kunde verf\u00fcgt, um eine fundierte Beurteilung der individuellen Rahmenbedingungen vorzunehmen und dem Kunden den nach den Umst\u00e4nden des Einzelfalls bestm\u00f6glichen Versicherungsschutz vermitteln zu k\u00f6nnen. Aus diesem Grunde ist der Versicherungskunde verpflichtet, dem Versicherungsmakler alle f\u00fcr die Ausf\u00fchrung der Dienstleistungen erforderlichen Unterlagen und Informationen rechtzeitig und vollst\u00e4ndig vorzulegen und den Versicherungsmakler von allen Umst\u00e4nden, die f\u00fcr die in \u00a7 2 beschriebenen Leistungen des Versicherungsmaklers von Relevanz sein k\u00f6nnen, in Kenntnis zu setzen. <br>\n(2) Der Versicherungskunde ist verpflichtet, sofern erforderlich, an einer Risikobesichtigung durch den Versicherungsmakler oder das Versicherungsunternehmen nach vorheriger Verst\u00e4ndigung und Terminabsprache teilzunehmen und auf besondere Gefahren von sich aus hinzuweisen. <br>\n(3) Die nach gr\u00fcndlichem Nachfragen vom Kunden erhaltenen Informationen und Unterlagen kann der Versicherungsmakler zur Grundlage der weiteren Erbringung seiner Dienstleistungen gegen\u00fcber dem Kunden machen, sofern sie nicht offenkundig unrichtigen Inhalts sind. <br>\n(4) Der Versicherungskunde nimmt zur Kenntnis, dass ein von ihm oder f\u00fcr ihn vom Versicherungsmakler unterfertigter Versicherungsantrag noch keinen Versicherungsschutz bewirkt, sondern dieser vielmehr noch der Annahme durch das Versicherungsunternehmen bedarf, sodass zwischen der Unterfertigung des Versicherungsantrages und dessen Annahme durch den Versicherer ein ungedeckter Zeitraum bestehen kann.<br>\n(5) Der Versicherungskunde, sofern er nicht als Verbraucher iSd KSchG anzusehen ist, verpflichtet sich, alle durch die Vermittlung des Versicherungsmaklers \u00fcbermittelten Versicherungsdokumente auf sachliche Unstimmigkeiten und allf\u00e4llige Abweichungen vom urspr\u00fcnglichen Versicherungsantrag zu \u00fcberpr\u00fcfen und dies gegebenenfalls dem Versicherungsmakler zur Berichtigung mitzuteilen. <br>\n(6) Der Versicherungskunde nimmt zur Kenntnis, dass eine Schadensmeldung oder ein Besichtigungsauftrag noch keine Deckungs- oder Leistungszusage des Versicherers bewirkt.<br>\n(7) Der Versicherungskunde nimmt zur Kenntnis, dass er als Versicherungsnehmer Obliegenheiten aufgrund des Gesetzes und der jeweils anwendbaren Versicherungsbedingungen im Versicherungsfall einzuhalten hat, deren Nichteinhaltung zur Leistungsfreiheit des Versicherers f\u00fchren kann.<\/p>\n\n<b>\u00a7 4 Zustellungen, elektronischer Schriftverkehr <\/b>\n<p>(1) Als Zustelladresse des Versicherungskunden gilt die dem Versicherungsmakler zuletzt bekannt gegebene Adresse. <br>\n(2) Der Versicherungskunde nimmt zur Kenntnis, dass aufgrund vereinzelt auftretender, technisch unvermeidbarer Fehler die \u00dcbermittlung von Emails unter Umst\u00e4nden dazu f\u00fchren kann, dass Daten verloren gehen, verf\u00e4lscht oder bekannt werden. F\u00fcr diese Folgen \u00fcbernimmt der Versicherungsmakler eine Haftung nur dann, wenn er dies verschuldet hat. Der Zugang von\nE-Mails bewirkt noch keine vorl\u00e4ufige Deckung und hat auch auf die Annahme eines Vertragsangebotes keine Wirkung.<\/p>\n\n<b>\u00a7 5 Urheberrechte <\/b>\n<p>Der Kunde anerkennt, dass jedes vom Versicherungsmakler erstellte Konzept, insbesondere die Risikoanalyse und das Deckungskonzept, ein urheberrechtlich gesch\u00fctztes Werk ist. S\u00e4mtliche Verbreitungen, \u00c4nderungen oder Erg\u00e4nzungen sowie die Weitergabe an Dritte bed\u00fcrfen der schriftlichen Zustimmung des Versicherungsmaklers. <\/p>\n\n<b>\u00a7 6 Haftung <\/b>\n<p>Hinweis: die nachfolgenden Haftungsbestimmungen gelten nur im b2b-Bereich, nicht im Verh\u00e4ltnis zu Konsumenten: <br>\nDer Versicherungsmakler haftet f\u00fcr allf\u00e4llige Sach- und Verm\u00f6genssch\u00e4den des Versicherungskunden nur im Fall des Vorsatzes oder der groben Fahrl\u00e4ssigkeit. Im Fall des Vorsatzes wird auch f\u00fcr entgangenen Gewinn gehaftet. <br>\nDie Haftung des Versicherungsmaklers ist jedenfalls mit der H\u00f6he der Deckungssumme der bestehenden Berufshaftpflichtversicherung des Versicherungsmaklers beschr\u00e4nkt. Schadenersatzanspr\u00fcche gegen den Versicherungs-makler m\u00fcssen innerhalb von sechs Monaten ab Kenntnis des Schadens geltend gemacht werden. <\/p>\n\n<b>\u00a7 7 Verschwiegenheit<\/b>\n<p>(1) Der Versicherungsmakler ist verpflichtet, vertrauliche Informationen, die ihm aufgrund der Gesch\u00e4ftsbeziehung zum Kunden bekannt werden, vertraulich zu behandeln und Dritten gegen\u00fcber geheim zu halten. Der Versicherungsmakler ist verpflichtet, diese Pflicht auch seinen Mitarbeitern zu \u00fcberbinden. <br>\nDem Versicherungsmakler ist der Schutz der personenbezogenen Daten des Kunden ein wichtiges Anliegen. Eine Datenverarbeitung erfolgt ausschlie\u00dflich unter Beachtung der gesetzlichen Bestimmungen (DSGVO, Datenschutzgesetz) sowie auf Basis des mit dem Kunden abgeschlossenen Vertrages und allenfalls einer vom Kunden erteilten Zustimmungserkl\u00e4rung. <\/p>\n\n<b>\u00a7 8 R\u00fccktrittsrechte des Versicherungskunden <\/b>\n<p>(1) Gem\u00e4\u00df \u00a7 3 Konsumentenschutzgesetz (KSchG) ist der Kunde berechtigt, bei Abgabe seiner Vertragserkl\u00e4rung au\u00dferhalb der Gesch\u00e4ftsr\u00e4ume des Auftragnehmers oder eines Standes auf einer Messe von seinem Vertragsantrag oder vom Vertrag zur\u00fcckzutreten. Dieser R\u00fccktritt kann bis zum Zustandekommen des Vertrages oder danach binnen 14 Tagen erkl\u00e4rt werden. Die Frist beginnt mit der Ausfolgung dieser Vertragsurkunde, fr\u00fchestens jedoch mit dem Zustandekommen dieses Vertrages zu laufen. Das R\u00fccktrittsrecht erlischt bei Versicherungsvertr\u00e4gen sp\u00e4testens einen Monat nach Zustandekommen des Vertrags. <br>\n(2) Die Erkl\u00e4rung des R\u00fccktritts ist an keine bestimmte Form gebunden. Die R\u00fccktrittsfrist ist gewahrt, wenn die R\u00fccktrittserkl\u00e4rung innerhalb der Frist abgesendet wird.<\/p>\n\n<b>\u00a7 9 Schlussbestimmungen<\/b> \n<p>(1) Sollten einzelne Bestimmungen dieser Allgemeinen Gesch\u00e4ftsbedingungen ung\u00fcltig oder undurchsetzbar sein oder werden, wird dadurch der Restvertrag nicht ber\u00fchrt. Im b2b-Bereich (Unternehmergesch\u00e4fte) wird in einem solchen Fall die ung\u00fcltige oder undurchsetzbare Bestimmung durch eine solche ersetzt, die dem wirtschaftlichen Zweck der undurchsetzbaren oder ung\u00fcltigen Bestimmung m\u00f6glichst nahekommt. <br>\n(2) Die Vertr\u00e4ge zwischen dem Versicherungsmakler und dem Versicherungskunden unterliegen \u00f6sterreichischem Recht. F\u00fcr allf\u00e4llige Streitigkeiten aus oder im Zusammenhang mit diesem Vertrag ist \u2013 mit Ausnahme von Konsumenten iSd KSchG \u2013 jenes Gericht zust\u00e4ndig, in dessen Sprengel sich die Betriebsst\u00e4tte des Versicherungsmaklers befindet. Der Versicherungsmakler ist jedoch berechtigt, eine allf\u00e4llige Klage vor jedem anderen sachlich zust\u00e4ndigen Gericht einzubringen. Unbeschadet dessen ist f\u00fcr Konsumenten iSd KSchG jenes Gerichts zust\u00e4ndig, in dessen Sprengel der Wohnsitz, der gew\u00f6hnliche Aufenthalt oder der Ort der Besch\u00e4ftigung des Konsumenten liegt.<\/p>\n\t\t\t\t\t\t\t\t<\/div>\n\t\t\t\t<\/div>\n\t\t\t\t\t<\/div>\n\t\t\t\t<\/div>\n\t\t\t\t<\/div>\n\t\t","protected":false},"excerpt":{"rendered":"<p>Allgemeine Gesch\u00e4ftsbedingungen f\u00fcr Versicherungsmakler und Berater in Versicherungsangelegenheiten Fassung: M\u00e4rz 2018 Pr\u00e4ambel (1) Der Versicherungsmakler vermittelt unabh\u00e4ngig von seinen oder [&hellip;]<\/p>\n","protected":false},"author":1,"featured_media":0,"parent":0,"menu_order":0,"comment_status":"closed","ping_status":"closed","template":"elementor_header_footer","meta":{"site-sidebar-layout":"no-sidebar","site-content-layout":"","ast-site-content-layout":"full-width-container","site-content-style":"default","site-sidebar-style":"default","ast-global-header-display":"","ast-banner-title-visibility":"","ast-main-header-display":"","ast-hfb-above-header-display":"","ast-hfb-below-header-display":"","ast-hfb-mobile-header-display":"","site-post-title":"disabled","ast-breadcrumbs-content":"","ast-featured-img":"disabled","footer-sml-layout":"","theme-transparent-header-meta":"","adv-header-id-meta":"","stick-header-meta":"","header-above-stick-meta":"","header-main-stick-meta":"","header-below-stick-meta":"","astra-migrate-meta-layouts":"default","ast-page-background-enabled":"default","ast-page-background-meta":{"desktop":{"background-color":"var(--ast-global-color-4)","background-image":"","background-repeat":"repeat","background-position":"center center","background-size":"auto","background-attachment":"scroll","background-type":"","background-media":"","overlay-type":"","overlay-color":"","overlay-opacity":"","overlay-gradient":""},"tablet":{"background-color":"","background-image":"","background-repeat":"repeat","background-position":"center center","background-size":"auto","background-attachment":"scroll","background-type":"","background-media":"","overlay-type":"","overlay-color":"","overlay-opacity":"","overlay-gradient":""},"mobile":{"background-color":"","background-image":"","background-repeat":"repeat","background-position":"center center","background-size":"auto","background-attachment":"scroll","background-type":"","background-media":"","overlay-type":"","overlay-color":"","overlay-opacity":"","overlay-gradient":""}},"ast-content-background-meta":{"desktop":{"background-color":"var(--ast-global-color-5)","background-image":"","background-repeat":"repeat","background-position":"center center","background-size":"auto","background-attachment":"scroll","background-type":"","background-media":"","overlay-type":"","overlay-color":"","overlay-opacity":"","overlay-gradient":""},"tablet":{"background-color":"var(--ast-global-color-5)","background-image":"","background-repeat":"repeat","background-position":"center center","background-size":"auto","background-attachment":"scroll","background-type":"","background-media":"","overlay-type":"","overlay-color":"","overlay-opacity":"","overlay-gradient":""},"mobile":{"background-color":"var(--ast-global-color-5)","background-image":"","background-repeat":"repeat","background-position":"center center","background-size":"auto","background-attachment":"scroll","background-type":"","background-media":"","overlay-type":"","overlay-color":"","overlay-opacity":"","overlay-gradient":""}},"footnotes":""},"class_list":["post-286","page","type-page","status-publish","hentry"],"_links":{"self":[{"href":"https:\/\/www.scharfegger-versicherungen.at\/index.php?rest_route=\/wp\/v2\/pages\/286","targetHints":{"allow":["GET"]}}],"collection":[{"href":"https:\/\/www.scharfegger-versicherungen.at\/index.php?rest_route=\/wp\/v2\/pages"}],"about":[{"href":"https:\/\/www.scharfegger-versicherungen.at\/index.php?rest_route=\/wp\/v2\/types\/page"}],"author":[{"embeddable":true,"href":"https:\/\/www.scharfegger-versicherungen.at\/index.php?rest_route=\/wp\/v2\/users\/1"}],"replies":[{"embeddable":true,"href":"https:\/\/www.scharfegger-versicherungen.at\/index.php?rest_route=%2Fwp%2Fv2%2Fcomments&post=286"}],"version-history":[{"count":8,"href":"https:\/\/www.scharfegger-versicherungen.at\/index.php?rest_route=\/wp\/v2\/pages\/286\/revisions"}],"predecessor-version":[{"id":349,"href":"https:\/\/www.scharfegger-versicherungen.at\/index.php?rest_route=\/wp\/v2\/pages\/286\/revisions\/349"}],"wp:attachment":[{"href":"https:\/\/www.scharfegger-versicherungen.at\/index.php?rest_route=%2Fwp%2Fv2%2Fmedia&parent=286"}],"curies":[{"name":"wp","href":"https:\/\/api.w.org\/{rel}","templated":true}]}}