{"id":3,"date":"2024-11-22T13:08:39","date_gmt":"2024-11-22T12:08:39","guid":{"rendered":"https:\/\/scharfegger-versicherungen.at\/?page_id=3"},"modified":"2024-12-01T16:01:11","modified_gmt":"2024-12-01T15:01:11","slug":"datenschutzerklaerung","status":"publish","type":"page","link":"https:\/\/www.scharfegger-versicherungen.at\/?page_id=3","title":{"rendered":"Datenschutzerkl\u00e4rung"},"content":{"rendered":"\t\t<div data-elementor-type=\"wp-page\" data-elementor-id=\"3\" class=\"elementor elementor-3\">\n\t\t\t\t<div class=\"elementor-element elementor-element-4c3a907f e-flex e-con-boxed e-con e-parent\" data-id=\"4c3a907f\" data-element_type=\"container\">\n\t\t\t\t\t<div class=\"e-con-inner\">\n\t\t\t\t<div class=\"elementor-element elementor-element-23d83918 elementor-widget elementor-widget-text-editor\" data-id=\"23d83918\" data-element_type=\"widget\" data-widget_type=\"text-editor.default\">\n\t\t\t\t<div class=\"elementor-widget-container\">\n\t\t\t\t\t\t\t\t\t<h1>Informationen zum Datenschutz<\/h1><p><br \/>Uns ist es ein besonderes Anliegen, alle personenbezogenen Daten, die Sie uns anvertrauen, zu sch\u00fctzen und sicher zu verwahren. Wir verarbeiten Ihre Daten daher ausschlie\u00dflich auf Grundlage der gesetzlichen Bestimmungen. Mit dieser Datenschutzinformation erfahren Sie die wichtigsten Aspekte der Datenverarbeitung unseres Unternehmens.<\/p><h4>Verantwortlicher f\u00fcr die Datenverarbeitung<\/h4><p><b><br \/>Scharfegger Silvio<\/b><br \/>9020 Klagenfurt am W\u00f6rthersee, V\u00f6lkermarkter Ring 9<br \/>Telefon: +43 664 2069009<br \/>E-Mail-Adresse (allgemein): <a href=\"mailto:office@scharfegger-versicherungen.at\">office@scharfegger-versicherungen.at<\/a><\/p><p>F\u00fcr Fragen zur Verarbeitung Ihrer Daten kontaktieren Sie uns unter der o.a. Adresse.<\/p><h4>Zweck f\u00fcr die Verarbeitung personenbezogener Daten<\/h4><p><br \/>Die von Ihnen erhobenen personenbezogenen Daten ben\u00f6tigen wir zum Zweck der Beratung, Anlage von Neukunden und der \u00c4nderung von Daten von Bestandskunden. Weiters dienen Ihre Daten zur Angebotslegung, Antragserstellung, Polizzierung, Bestandsbetreuung, Schadenmanagement und Risikoanalyse.<\/p><h4>Rechtsgrundlage f\u00fcr die Verarbeitung der Daten<\/h4><p><br \/>Die Verarbeitung Ihrer Daten basiert einerseits auf der der Rechtsgrundlage der Vertragserf\u00fcllung, des berechtigten Interesses, die Erf\u00fcllung unserer rechtlichen bzw. vertraglichen Verpflichtungen sowie andererseits auf Ihrer Einwilligung (Maklervertrag \/ -vollmacht, Kontaktformular, Newsletter, etc.).<\/p><p>Zum Schutz Ihrer Daten ergreifen wir s\u00e4mtliche dem Stand der Technik entsprechende Ma\u00dfnahmen.<\/p><h4>\u00dcbermittlung personenbezogener Daten an Dritte<\/h4><p><br \/>Als Versicherungsvermittler ist es unerl\u00e4sslich, Ihre Daten an entsprechende Versicherungsunternehmen weiterzuleiten.<\/p><p>Eine Datenweitergabe au\u00dferhalb des Gebietes der Europ\u00e4ischen Union ist nicht vorgesehen. Sollte dies dennoch erforderlich sein, so erfolgt dies unter Einhaltung der europ\u00e4ischen Datenschutzbestimmungen.<\/p><h4>Kategorien der Empf\u00e4nger personenbezogener Daten<\/h4><p><br \/>Versicherungsunternehmen: zu Zwecken der Antragspr\u00fcfung, Polizzierung, Stornierung von Vertr\u00e4gen und Schadensregulierung. Eigenes Unternehmen, insb. die Kundenverwaltung, Schadensabwicklung, Buchhaltung, Kundenbetreuer. Finanzierungsunternehmen, Bausparkassen, sonstige Dienstleister des Verantwortlichen wie beispielsweise Steuerberater oder ggf. Rechtsanwalt, Beh\u00f6rden, etc.<br \/>Externe Dienstleister bzw. Auftragsverarbeiter wie z.B. IT-Dienstleister. S\u00e4mtliche dieser Empf\u00e4nger haben sich als Auftragsverarbeiter zur Einhaltung der geltenden datenschutzrechtlichen Bestimmungen uns gegen\u00fcber verpflichtet. N\u00e4here Informationen zu den von uns beauftragten Auftragsverarbeitern k\u00f6nnen Sie unter <a href=\"mailto:office@scharfegger-versicherungen.at\">office@scharfegger-versicherungen.at<\/a> anfragen.<\/p><p>Versicherungsvermittler unterliegen gewissen regulatorischen Vorschriften. Es kann daher die Offenlegung von personenbezogenen Daten von einem Gericht oder einer Beh\u00f6rde gefordert werden. Weiters besteht die M\u00f6glichkeit, dass bei Pr\u00fcfung eines Leistungsfalles ihre Daten an externe Dritte (z.B. Gutachter, \u00c4rzte) weitergegeben werden.<\/p><h4>Geldw\u00e4schepr\u00e4vention<\/h4><p><br \/>Versicherungsvermittler sind gem\u00e4\u00df Gewerbeordnung verpflichtet, Sorgfaltspflichten zur Verhinderung von Geldw\u00e4scherei und Terrorismusfinanzierung zu erf\u00fcllen. Dazu werden gem\u00e4\u00df \u00a7365ff GewO personenbezogene Daten verarbeitet.<\/p><p>Der Versicherungsvermittler ist zur Identifikation des Versicherungsnehmers \/ der Versicherungsnehmerin, der vertretungsbefugten Person und des Pr\u00e4mienzahlers \/ der Pr\u00e4mienzahlerin verpflichtet. Weiters hat er den PEP-Status (politisch exponierte Person) und die Treuhandschaft abzufragen. Die Verarbeitung und Aufbewahrung der in diesem Zusammenhang erhobenen Daten erfolgt, solange die Notwendigkeit zur vertraglichen und gesetzlichen Erf\u00fcllung besteht.<\/p><h4>Dauer der Datenspeicherung<\/h4><p><br \/>Wir verarbeiten Ihre personenbezogenen Daten, soweit erforderlich, f\u00fcr die Dauer der gesamten Gesch\u00e4ftsbeziehung (Anbahnung, Abwicklung, bis zur Beendigung der Gesch\u00e4ftsbeziehung) sowie dar\u00fcber hinaus gem\u00e4\u00df den gesetzlichen Aufbewahrungs- und Dokumentationspflichten, oder bis zur Beendigung eines allf\u00e4lligen Rechtsstreits.<\/p><h4>Ihre Rechte<\/h4><p><br \/>Ihnen stehen grunds\u00e4tzlich die Rechte auf Auskunft, Berichtigung, L\u00f6schung, Einschr\u00e4nkung, Daten\u00fcbertragbarkeit, Widerruf und Widerspruch zu.<\/p><p>Wenn Sie glauben, dass die Verarbeitung Ihrer Daten gegen das Datenschutzrecht verst\u00f6\u00dft oder Ihre datenschutzrechtlichen Anspr\u00fcche sonst in einer Weise verletzt worden sind, k\u00f6nnen Sie sich bei der Aufsichtsbeh\u00f6rde beschweren. In \u00d6sterreich ist dies die \u00d6sterreichische Datenschutzbeh\u00f6rde, Wickenburggasse 8-10, 1080 Wien (E-Mail: <a href=\"mailto:dsb@dsb.gv.at\">dsb@dsb.gv.at<\/a>).<\/p>\t\t\t\t\t\t\t\t<\/div>\n\t\t\t\t<\/div>\n\t\t\t\t\t<\/div>\n\t\t\t\t<\/div>\n\t\t\t\t<\/div>\n\t\t","protected":false},"excerpt":{"rendered":"<p>Informationen zum Datenschutz Uns ist es ein besonderes Anliegen, alle personenbezogenen Daten, die Sie uns anvertrauen, zu sch\u00fctzen und sicher [&hellip;]<\/p>\n","protected":false},"author":1,"featured_media":0,"parent":0,"menu_order":0,"comment_status":"closed","ping_status":"open","template":"elementor_header_footer","meta":{"site-sidebar-layout":"default","site-content-layout":"","ast-site-content-layout":"","site-content-style":"default","site-sidebar-style":"default","ast-global-header-display":"","ast-banner-title-visibility":"","ast-main-header-display":"","ast-hfb-above-header-display":"","ast-hfb-below-header-display":"","ast-hfb-mobile-header-display":"","site-post-title":"","ast-breadcrumbs-content":"","ast-featured-img":"","footer-sml-layout":"","theme-transparent-header-meta":"","adv-header-id-meta":"","stick-header-meta":"","header-above-stick-meta":"","header-main-stick-meta":"","header-below-stick-meta":"","astra-migrate-meta-layouts":"default","ast-page-background-enabled":"default","ast-page-background-meta":{"desktop":{"background-color":"var(--ast-global-color-4)","background-image":"","background-repeat":"repeat","background-position":"center center","background-size":"auto","background-attachment":"scroll","background-type":"","background-media":"","overlay-type":"","overlay-color":"","overlay-opacity":"","overlay-gradient":""},"tablet":{"background-color":"","background-image":"","background-repeat":"repeat","background-position":"center center","background-size":"auto","background-attachment":"scroll","background-type":"","background-media":"","overlay-type":"","overlay-color":"","overlay-opacity":"","overlay-gradient":""},"mobile":{"background-color":"","background-image":"","background-repeat":"repeat","background-position":"center center","background-size":"auto","background-attachment":"scroll","background-type":"","background-media":"","overlay-type":"","overlay-color":"","overlay-opacity":"","overlay-gradient":""}},"ast-content-background-meta":{"desktop":{"background-color":"var(--ast-global-color-5)","background-image":"","background-repeat":"repeat","background-position":"center center","background-size":"auto","background-attachment":"scroll","background-type":"","background-media":"","overlay-type":"","overlay-color":"","overlay-opacity":"","overlay-gradient":""},"tablet":{"background-color":"var(--ast-global-color-5)","background-image":"","background-repeat":"repeat","background-position":"center center","background-size":"auto","background-attachment":"scroll","background-type":"","background-media":"","overlay-type":"","overlay-color":"","overlay-opacity":"","overlay-gradient":""},"mobile":{"background-color":"var(--ast-global-color-5)","background-image":"","background-repeat":"repeat","background-position":"center center","background-size":"auto","background-attachment":"scroll","background-type":"","background-media":"","overlay-type":"","overlay-color":"","overlay-opacity":"","overlay-gradient":""}},"footnotes":""},"class_list":["post-3","page","type-page","status-publish","hentry"],"_links":{"self":[{"href":"https:\/\/www.scharfegger-versicherungen.at\/index.php?rest_route=\/wp\/v2\/pages\/3","targetHints":{"allow":["GET"]}}],"collection":[{"href":"https:\/\/www.scharfegger-versicherungen.at\/index.php?rest_route=\/wp\/v2\/pages"}],"about":[{"href":"https:\/\/www.scharfegger-versicherungen.at\/index.php?rest_route=\/wp\/v2\/types\/page"}],"author":[{"embeddable":true,"href":"https:\/\/www.scharfegger-versicherungen.at\/index.php?rest_route=\/wp\/v2\/users\/1"}],"replies":[{"embeddable":true,"href":"https:\/\/www.scharfegger-versicherungen.at\/index.php?rest_route=%2Fwp%2Fv2%2Fcomments&post=3"}],"version-history":[{"count":33,"href":"https:\/\/www.scharfegger-versicherungen.at\/index.php?rest_route=\/wp\/v2\/pages\/3\/revisions"}],"predecessor-version":[{"id":332,"href":"https:\/\/www.scharfegger-versicherungen.at\/index.php?rest_route=\/wp\/v2\/pages\/3\/revisions\/332"}],"wp:attachment":[{"href":"https:\/\/www.scharfegger-versicherungen.at\/index.php?rest_route=%2Fwp%2Fv2%2Fmedia&parent=3"}],"curies":[{"name":"wp","href":"https:\/\/api.w.org\/{rel}","templated":true}]}}